{"id":630,"date":"2024-09-26T20:10:04","date_gmt":"2024-09-26T20:10:04","guid":{"rendered":"https:\/\/jcdelama.info\/?page_id=630"},"modified":"2025-11-24T03:34:19","modified_gmt":"2025-11-24T03:34:19","slug":"pub_sagas_2024","status":"publish","type":"page","link":"https:\/\/jcdelama.info\/?page_id=630","title":{"rendered":"Pub_2024_Sagas"},"content":{"rendered":"\n<hr class=\"wp-block-separator has-alpha-channel-opacity\"\/>\n\n\n\n<h5 class=\"wp-block-heading\"><strong>EL CONCEPTO Y LA VIVENCIA DEL HONOR EN SAGAS CRIMINALES CONTEMPORANEAS: UN ANALISIS DE LAS SERIES TELEVISIVAS <em>THE SOPRANOS<\/em>, <em>THE WIRE<\/em> Y <em>SONS OF ANARCHY<\/em><\/strong><\/h5>\n\n\n\n<p>J.C. Del Ama <\/p>\n\n\n\n<h5 class=\"wp-block-heading\">About this paper:<\/h5>\n\n\n\n<div class=\"wp-block-genesis-blocks-gb-columns gb-layout-columns-2 gb-2-col-equal\"><div class=\"gb-layout-column-wrap gb-block-layout-column-gap-2 gb-is-responsive-column\">\n<div class=\"wp-block-genesis-blocks-gb-column gb-block-layout-column gb-is-vertically-aligned-top\"><div class=\"gb-block-layout-column-inner\">\n<div class=\"wp-block-group is-layout-constrained\"><div class=\"wp-block-group__inner-container\">\n<p><em>Publisher<\/em>: Common Ground Research Networks<\/br>Collection<\/em>:&nbsp;Common Ground Espa\u00f1ol<\/br>Series<\/em>:&nbsp;Nuevas Tendencias en Humanidades<\/br><a href=\"https:\/\/cgscholar.com\/bookstore\/cgrn-es\/332\/338\">Revista Internacional de Humanidades<\/a><\/p>\n\n\n\n<p><\/p>\n<\/div><\/div>\n<\/div><\/div>\n\n\n\n<div class=\"wp-block-genesis-blocks-gb-column gb-block-layout-column gb-is-vertically-aligned-top\"><div class=\"gb-block-layout-column-inner\">\n<p><em>Volume<\/em>: 11<br> Issue:\u00a02<br> <em>Date<\/em>: September 16, 2024<br> <em>ISSN<\/em>: 2474-5022 (Print)<br> <em>ISSN<\/em>: 2253-6825 (Online)<br> <em>DOI<\/em>:\u00a0<a href=\"https:\/\/doi.org\/10.18848\/2474-5022\/CGP\/v11i02\/59-76\" target=\"_blank\" rel=\"noreferrer noopener\">https:\/\/doi.org\/10.18848\/2474-5022\/CGP\/v11i02\/59-76<\/a><\/p>\n\n\n\n<p><\/p>\n<\/div><\/div>\n<\/div><\/div>\n\n\n\n<div class=\"wp-block-genesis-blocks-gb-columns gb-layout-columns-2 gb-2-col-equal\"><div class=\"gb-layout-column-wrap gb-block-layout-column-gap-2 gb-is-responsive-column\">\n<div class=\"wp-block-genesis-blocks-gb-column gb-block-layout-column\"><div class=\"gb-block-layout-column-inner\">\n<p><a href=\"https:\/\/pa.jcdelama.info\/wp-content\/uploads\/2024\/09\/Honor-en-Sagas-Criminales_104336_Final.pdf\" target=\"_blank\" rel=\"noreferrer noopener\">Download Paper<\/a><\/p>\n<\/div><\/div>\n\n\n\n<div class=\"wp-block-genesis-blocks-gb-column gb-block-layout-column\"><div class=\"gb-block-layout-column-inner\">\n<p><a href=\"#ds-open-popup-5\">Citation APA Style<\/a><\/p>\n<\/div><\/div>\n<\/div><\/div>\n\n\n\n<h5 class=\"wp-block-heading\">Abstract:<\/h5>\n\n\n\n<p><strong><em>This paper analyzes the narrative function of honor in the three TV shows that appear in the title. The fact that, in the three cases, we are dealing with criminal societies allows us to illuminate the individual experience of honor in groups with very well-defined borders and that are in a state of constant alert. Finally, the success and popularity of the three criminal sagas across cultures invites us to reflect upon the relationship between the values protected by the honor codes in those criminal groups and the moral sentiments of the large and heterogeneous audience<\/em><\/strong>.<\/p>\n\n\n\n<p>Este trabajo analiza la funci\u00f3n narrativa del honor en tres series de televisi\u00f3n de notable \u00e9xito de p\u00fablico y cr\u00edtica: The Sopranos, The Wire, y Sons of Anarchy. El honor, un fen\u00f3meno que puede ser considerado pancultural, es un tema recurrente en la narrativa f\u00edlmica y literaria. Las tres series estudiadas describen modos de vida de grupos criminales. La subsistencia de tales grupos est\u00e1 constantemente amenazada por otros grupos criminales y las fuerzas del orden. En este trabajo se ha analizado como los c\u00f3digos del honor cumplen tres funciones b\u00e1sicas. En primer lugar, solidifican un orden moral dentro de los grupos criminales que se traduce en un sistema de valores bien definido. En segundo lugar, establecen relaciones jer\u00e1rquicas entre los miembros del grupo. Finalmente, las reglas del honor decretan un sistema despiadado de castigos para los que las traspasan. El an\u00e1lisis del honor en sagas criminales nos invita a reflexionar sobre la siguiente paradoja: Aunque el concepto del honor ha desaparecido en la sociedad moderna, como motivo f\u00edlmico o literario goza de una notable popularidad. As\u00ed lo demuestra el \u00e9xito de las tres series en diferentes \u00e1mbitos culturales.<\/p>\n\n\n\n<h5 class=\"wp-block-heading\">Keywords:<\/h5>\n\n\n\n<p><strong><em>Honor, Public Opinion, Revenge, Media violence, Moral Order, Organized Crime<\/em><\/strong><\/p>\n\n\n\n<p>Honor, Opini\u00f3n P\u00fablica, Venganza, Violencia en TV, Orden Moral, Crimen Organizado.<\/p>\n","protected":false},"excerpt":{"rendered":"<p>EL CONCEPTO Y LA VIVENCIA DEL HONOR EN SAGAS CRIMINALES CONTEMPORANEAS: UN ANALISIS DE LAS SERIES TELEVISIVAS THE SOPRANOS, THE WIRE Y SONS OF ANARCHY J.C. Del Ama About this paper: Abstract: This paper analyzes the narrative function of honor in the three TV shows that appear in the title. The fact that, in the [&hellip;]<\/p>\n","protected":false},"author":1,"featured_media":0,"parent":0,"menu_order":0,"comment_status":"closed","ping_status":"closed","template":"","meta":{"_genesis_hide_title":true,"_genesis_hide_breadcrumbs":false,"_genesis_hide_singular_image":false,"_genesis_hide_footer_widgets":false,"_genesis_custom_body_class":"","_genesis_custom_post_class":"","_genesis_layout":""},"featured_image_src":null,"featured_image_src_square":null,"_links":{"self":[{"href":"https:\/\/jcdelama.info\/index.php?rest_route=\/wp\/v2\/pages\/630"}],"collection":[{"href":"https:\/\/jcdelama.info\/index.php?rest_route=\/wp\/v2\/pages"}],"about":[{"href":"https:\/\/jcdelama.info\/index.php?rest_route=\/wp\/v2\/types\/page"}],"author":[{"embeddable":true,"href":"https:\/\/jcdelama.info\/index.php?rest_route=\/wp\/v2\/users\/1"}],"replies":[{"embeddable":true,"href":"https:\/\/jcdelama.info\/index.php?rest_route=%2Fwp%2Fv2%2Fcomments&post=630"}],"version-history":[{"count":5,"href":"https:\/\/jcdelama.info\/index.php?rest_route=\/wp\/v2\/pages\/630\/revisions"}],"predecessor-version":[{"id":830,"href":"https:\/\/jcdelama.info\/index.php?rest_route=\/wp\/v2\/pages\/630\/revisions\/830"}],"wp:attachment":[{"href":"https:\/\/jcdelama.info\/index.php?rest_route=%2Fwp%2Fv2%2Fmedia&parent=630"}],"curies":[{"name":"wp","href":"https:\/\/api.w.org\/{rel}","templated":true}]}}